{"id":284,"date":"2025-11-08T15:51:38","date_gmt":"2025-11-08T15:51:38","guid":{"rendered":"https:\/\/www.taloyhtioapu.fi\/?page_id=284"},"modified":"2026-02-27T08:39:40","modified_gmt":"2026-02-27T08:39:40","slug":"etusivu","status":"publish","type":"page","link":"http:\/\/www.taloyhtioapu.fi\/","title":{"rendered":"Etusivu"},"content":{"rendered":"\n<div class=\"gb-element-65233b18\">\n<h4 class=\"wp-block-heading\" id=\"palvelut\">Palvelut<\/h4>\n<\/div>\n\n\n\n<div class=\"gb-element-6d76dac5\">\n<div>\n<div class=\"gb-element-157d5244\">\n<div>\n<h5 class=\"wp-block-heading\"><strong>Projektinjohto<\/strong><\/h5>\n\n\n\n<p>Johdamme rakennus- ja korjaushankkeita alusta loppuun, huolehtien aikatauluista, kustannuksista ja laadusta. Toimimme tilaajan edustajana ja varmistamme hankkeen sujuvan etenemisen. Projektinhallintamme perustuu selke\u00e4\u00e4n viestint\u00e4\u00e4n ja systemaattiseen seurantaan.<\/p>\n<\/div>\n\n\n\n<div>\n<div>\n<h5 class=\"wp-block-heading\"><strong>Kunto<\/strong>kartoitukset<\/h5>\n\n\n\n<p>Suoritamme taloyhti\u00f6iden kuntokartoituksia luotettavasti ja kattavasti. Tulokset antavat selke\u00e4n kuvan korjaustarpeista ja tukevat p\u00e4\u00e4t\u00f6ksentekoa. K\u00e4yt\u00f6ss\u00e4mme on ajantasainen tutkimuskalusto ja asiantunteva verkosto.<\/p>\n<\/div>\n<\/div>\n\n\n\n<div>\n<div>\n<h5 class=\"wp-block-heading\"><strong>PTS (Pitk\u00e4n t\u00e4ht\u00e4imen suunnitelma)<\/strong><\/h5>\n\n\n\n<p>Laadimme kiinteist\u00f6n kunnossapitosuunnitelman jopa 10\u201320 vuodeksi eteenp\u00e4in. PTS auttaa budjetoinnissa ja korjausten ajoittamisessa. Suunnitelmamme perustuu rakennuksen todelliseen kuntoon ja k\u00e4ytt\u00f6\u00f6n. Pankkien linjaukset ovat yleisesti tiukentuneet taloyhti\u00f6iden kunnon m\u00e4\u00e4ritt\u00e4misen suhteen, joten ammattilaisen k\u00e4ytt\u00e4minen on eritt\u00e4in perusteltua.<\/p>\n<\/div>\n<\/div>\n\n\n\n<div>\n<div>\n<h5 class=\"wp-block-heading\"><strong>Hankesuunnittelu<\/strong><\/h5>\n\n\n\n<p>M\u00e4\u00e4rittelemme hankkeen tavoitteet, vaihtoehdot ja reunaehdot yhdess\u00e4 tilaajan kanssa. Laadukas hankesuunnittelu varmistaa sujuvan toteutusvaiheen ja tuo kustannuss\u00e4\u00e4st\u00f6j\u00e4. Teemme yhteisty\u00f6t\u00e4 tarvittavien suunnittelijoiden ja viranomaisten kanssa.<\/p>\n<\/div>\n<\/div>\n\n\n\n<div>\n<div>\n<h5 class=\"wp-block-heading\"><strong>Rakennusluvat<\/strong><\/h5>\n\n\n\n<p>Hoidamme rakennus- ja toimenpidelupien hakemisen puolestasi. Huolehdimme tarvittavista liitteist\u00e4 ja viranomaisyhteyksist\u00e4. Tunnemme prosessin ja s\u00e4\u00e4st\u00e4mme asiakkaan aikaa ja vaivaa.<\/p>\n<\/div>\n<\/div>\n\n\n\n<div>\n<div>\n<h5 class=\"wp-block-heading\"><strong>Kilpailutukset<\/strong><\/h5>\n\n\n\n<p>Laadimme tarjouspyynn\u00f6t ja toteutamme urakoitsijoiden tai suunnittelijoiden kilpailutukset puolueettomasti. Varmistamme, ett\u00e4 tarjoukset ovat vertailukelpoisia ja laadukkaita. Kilpailutus tehd\u00e4\u00e4n tilaajan etua ja laatua painottaen.<br><\/p>\n<\/div>\n<\/div>\n\n\n\n<div>\n<div>\n<h5 class=\"wp-block-heading\"><strong>Valvonta<\/strong><\/h5>\n\n\n\n<p>Toimimme rakennuttajan valvojana ty\u00f6maalla, valvoen ty\u00f6n laatua, aikataulua ja sopimusten noudattamista. Pid\u00e4mme tilaajan ajan tasalla hankkeen etenemisest\u00e4. Valvontamme ehk\u00e4isee virheit\u00e4 ja varmistaa onnistuneen lopputuloksen.<\/p>\n<\/div>\n<\/div>\n\n\n\n<div>\n<div>\n<h5 class=\"wp-block-heading\"><strong>Hankinnat<\/strong><\/h5>\n\n\n\n<p>Autamme oikeiden tuotteiden, materiaalien ja palveluntarjoajien valinnassa. Suunnittelemme hankinnat kustannustehokkaasti ja laadukkaasti. Vuosien hankintakokemus antaa n\u00e4kemyst\u00e4 oikeasta hinnasta ja keinot saada asiakkaalle se \u201dviimeinen hinta\u201d.<\/p>\n<\/div>\n<\/div>\n\n\n\n<div>\n<div>\n<h5 class=\"wp-block-heading\"><strong><strong>Asiantuntijalausunnot<\/strong><\/strong><\/h5>\n\n\n\n<p>Laadimme teknisi\u00e4 lausuntoja esimerkiksi kiinteist\u00f6kauppoihin, riitatilanteisiin tai viranomaisille. Lausunnot perustuvat tutkimuksiin, lains\u00e4\u00e4d\u00e4nt\u00f6\u00f6n ja alan k\u00e4yt\u00e4nt\u00f6ihin. Tarjoamme selke\u00e4n ja puolueettoman n\u00e4kemyksen tilanteesta.<\/p>\n<\/div>\n<\/div>\n\n\n\n<div>\n<div>\n<h5 class=\"wp-block-heading\"><strong><strong>K\u00e4ytt\u00f6tarkoituksen muutokset<\/strong><\/strong><\/h5>\n\n\n\n<p>Avustamme rakennuksen k\u00e4ytt\u00f6tarkoituksen muutoksiin liittyv\u00e4ss\u00e4 suunnittelussa ja luvituksessa. Huomioimme kaavam\u00e4\u00e4r\u00e4ykset sek\u00e4 tekniset vaatimukset. Palvelumme kattaa koko prosessin ideasta toteutukseen.<\/p>\n<\/div>\n<\/div>\n<\/div>\n<\/div>\n<\/div>\n","protected":false},"excerpt":{"rendered":"<p>Palvelut Projektinjohto Johdamme rakennus- ja korjaushankkeita alusta loppuun, huolehtien aikatauluista, kustannuksista ja laadusta. Toimimme tilaajan edustajana ja varmistamme hankkeen sujuvan etenemisen. Projektinhallintamme perustuu selke\u00e4\u00e4n viestint\u00e4\u00e4n ja systemaattiseen seurantaan. Kuntokartoitukset Suoritamme taloyhti\u00f6iden kuntokartoituksia luotettavasti ja kattavasti. Tulokset antavat selke\u00e4n kuvan korjaustarpeista ja tukevat p\u00e4\u00e4t\u00f6ksentekoa. K\u00e4yt\u00f6ss\u00e4mme on ajantasainen tutkimuskalusto ja asiantunteva verkosto. PTS (Pitk\u00e4n t\u00e4ht\u00e4imen suunnitelma) Laadimme &#8230; <a title=\"Etusivu\" class=\"read-more\" href=\"http:\/\/www.taloyhtioapu.fi\/\" aria-label=\"Lue lis\u00e4\u00e4 aiheesta Etusivu\">Lue lis\u00e4\u00e4<\/a><\/p>\n","protected":false},"author":2,"featured_media":0,"parent":0,"menu_order":0,"comment_status":"closed","ping_status":"closed","template":"","meta":{"footnotes":""},"class_list":["post-284","page","type-page","status-publish"],"yoast_head":"<!-- This site is optimized with the Yoast SEO plugin v27.4 - https:\/\/yoast.com\/product\/yoast-seo-wordpress\/ -->\n<title>Taloyhti\u00f6palvelut asiantuntijalta \u2013Projektinjohto, PTS, rakennusluvat<\/title>\n<meta name=\"description\" content=\"Kaikki taloyhti\u00f6palvelut yhdest\u00e4 paikasta \u2013 projektinjohto, PTS, kuntotutkimukset, valvonta, hankesuunnittelu ja asiantuntijalausunnot. Tutustu ja kysy lis\u00e4\u00e4.\" \/>\n<meta name=\"robots\" content=\"index, follow, max-snippet:-1, max-image-preview:large, max-video-preview:-1\" \/>\n<link rel=\"canonical\" href=\"http:\/\/www.taloyhtioapu.fi\/\" \/>\n<meta property=\"og:locale\" content=\"fi_FI\" \/>\n<meta property=\"og:type\" content=\"article\" \/>\n<meta property=\"og:title\" content=\"Taloyhti\u00f6palvelut asiantuntijalta \u2013Projektinjohto, PTS, rakennusluvat\" \/>\n<meta property=\"og:description\" content=\"Kaikki taloyhti\u00f6palvelut yhdest\u00e4 paikasta \u2013 projektinjohto, PTS, kuntotutkimukset, valvonta, hankesuunnittelu ja asiantuntijalausunnot. Tutustu ja kysy lis\u00e4\u00e4.\" \/>\n<meta property=\"og:url\" content=\"http:\/\/www.taloyhtioapu.fi\/\" \/>\n<meta property=\"og:site_name\" content=\"Taloyhtioapu.fi\" \/>\n<meta property=\"article:modified_time\" content=\"2026-02-27T08:39:40+00:00\" \/>\n<meta name=\"twitter:card\" content=\"summary_large_image\" \/>\n<meta name=\"twitter:label1\" content=\"Arvioitu lukuaika\" \/>\n\t<meta name=\"twitter:data1\" content=\"2 minuuttia\" \/>\n<script type=\"application\/ld+json\" class=\"yoast-schema-graph\">{\"@context\":\"https:\\\/\\\/schema.org\",\"@graph\":[{\"@type\":\"WebPage\",\"@id\":\"http:\\\/\\\/www.taloyhtioapu.fi\\\/\",\"url\":\"http:\\\/\\\/www.taloyhtioapu.fi\\\/\",\"name\":\"Taloyhti\u00f6palvelut asiantuntijalta \u2013Projektinjohto, PTS, rakennusluvat\",\"isPartOf\":{\"@id\":\"http:\\\/\\\/www.taloyhtioapu.fi\\\/#website\"},\"datePublished\":\"2025-11-08T15:51:38+00:00\",\"dateModified\":\"2026-02-27T08:39:40+00:00\",\"description\":\"Kaikki taloyhti\u00f6palvelut yhdest\u00e4 paikasta \u2013 projektinjohto, PTS, kuntotutkimukset, valvonta, hankesuunnittelu ja asiantuntijalausunnot. Tutustu ja kysy lis\u00e4\u00e4.\",\"breadcrumb\":{\"@id\":\"http:\\\/\\\/www.taloyhtioapu.fi\\\/#breadcrumb\"},\"inLanguage\":\"fi\",\"potentialAction\":[{\"@type\":\"ReadAction\",\"target\":[\"http:\\\/\\\/www.taloyhtioapu.fi\\\/\"]}]},{\"@type\":\"BreadcrumbList\",\"@id\":\"http:\\\/\\\/www.taloyhtioapu.fi\\\/#breadcrumb\",\"itemListElement\":[{\"@type\":\"ListItem\",\"position\":1,\"name\":\"Etusivu\",\"item\":\"http:\\\/\\\/www.taloyhtioapu.fi\\\/\"},{\"@type\":\"ListItem\",\"position\":2,\"name\":\"Etusivu\"}]},{\"@type\":\"WebSite\",\"@id\":\"http:\\\/\\\/www.taloyhtioapu.fi\\\/#website\",\"url\":\"http:\\\/\\\/www.taloyhtioapu.fi\\\/\",\"name\":\"Taloyhtioapu.fi\",\"description\":\"Yksi WordPress sivusto\",\"potentialAction\":[{\"@type\":\"SearchAction\",\"target\":{\"@type\":\"EntryPoint\",\"urlTemplate\":\"http:\\\/\\\/www.taloyhtioapu.fi\\\/?s={search_term_string}\"},\"query-input\":{\"@type\":\"PropertyValueSpecification\",\"valueRequired\":true,\"valueName\":\"search_term_string\"}}],\"inLanguage\":\"fi\"}]}<\/script>\n<!-- \/ Yoast SEO plugin. -->","yoast_head_json":{"title":"Taloyhti\u00f6palvelut asiantuntijalta \u2013Projektinjohto, PTS, rakennusluvat","description":"Kaikki taloyhti\u00f6palvelut yhdest\u00e4 paikasta \u2013 projektinjohto, PTS, kuntotutkimukset, valvonta, hankesuunnittelu ja asiantuntijalausunnot. Tutustu ja kysy lis\u00e4\u00e4.","robots":{"index":"index","follow":"follow","max-snippet":"max-snippet:-1","max-image-preview":"max-image-preview:large","max-video-preview":"max-video-preview:-1"},"canonical":"http:\/\/www.taloyhtioapu.fi\/","og_locale":"fi_FI","og_type":"article","og_title":"Taloyhti\u00f6palvelut asiantuntijalta \u2013Projektinjohto, PTS, rakennusluvat","og_description":"Kaikki taloyhti\u00f6palvelut yhdest\u00e4 paikasta \u2013 projektinjohto, PTS, kuntotutkimukset, valvonta, hankesuunnittelu ja asiantuntijalausunnot. Tutustu ja kysy lis\u00e4\u00e4.","og_url":"http:\/\/www.taloyhtioapu.fi\/","og_site_name":"Taloyhtioapu.fi","article_modified_time":"2026-02-27T08:39:40+00:00","twitter_card":"summary_large_image","twitter_misc":{"Arvioitu lukuaika":"2 minuuttia"},"schema":{"@context":"https:\/\/schema.org","@graph":[{"@type":"WebPage","@id":"http:\/\/www.taloyhtioapu.fi\/","url":"http:\/\/www.taloyhtioapu.fi\/","name":"Taloyhti\u00f6palvelut asiantuntijalta \u2013Projektinjohto, PTS, rakennusluvat","isPartOf":{"@id":"http:\/\/www.taloyhtioapu.fi\/#website"},"datePublished":"2025-11-08T15:51:38+00:00","dateModified":"2026-02-27T08:39:40+00:00","description":"Kaikki taloyhti\u00f6palvelut yhdest\u00e4 paikasta \u2013 projektinjohto, PTS, kuntotutkimukset, valvonta, hankesuunnittelu ja asiantuntijalausunnot. Tutustu ja kysy lis\u00e4\u00e4.","breadcrumb":{"@id":"http:\/\/www.taloyhtioapu.fi\/#breadcrumb"},"inLanguage":"fi","potentialAction":[{"@type":"ReadAction","target":["http:\/\/www.taloyhtioapu.fi\/"]}]},{"@type":"BreadcrumbList","@id":"http:\/\/www.taloyhtioapu.fi\/#breadcrumb","itemListElement":[{"@type":"ListItem","position":1,"name":"Etusivu","item":"http:\/\/www.taloyhtioapu.fi\/"},{"@type":"ListItem","position":2,"name":"Etusivu"}]},{"@type":"WebSite","@id":"http:\/\/www.taloyhtioapu.fi\/#website","url":"http:\/\/www.taloyhtioapu.fi\/","name":"Taloyhtioapu.fi","description":"Yksi WordPress sivusto","potentialAction":[{"@type":"SearchAction","target":{"@type":"EntryPoint","urlTemplate":"http:\/\/www.taloyhtioapu.fi\/?s={search_term_string}"},"query-input":{"@type":"PropertyValueSpecification","valueRequired":true,"valueName":"search_term_string"}}],"inLanguage":"fi"}]}},"_links":{"self":[{"href":"http:\/\/www.taloyhtioapu.fi\/index.php\/wp-json\/wp\/v2\/pages\/284","targetHints":{"allow":["GET"]}}],"collection":[{"href":"http:\/\/www.taloyhtioapu.fi\/index.php\/wp-json\/wp\/v2\/pages"}],"about":[{"href":"http:\/\/www.taloyhtioapu.fi\/index.php\/wp-json\/wp\/v2\/types\/page"}],"author":[{"embeddable":true,"href":"http:\/\/www.taloyhtioapu.fi\/index.php\/wp-json\/wp\/v2\/users\/2"}],"replies":[{"embeddable":true,"href":"http:\/\/www.taloyhtioapu.fi\/index.php\/wp-json\/wp\/v2\/comments?post=284"}],"version-history":[{"count":3,"href":"http:\/\/www.taloyhtioapu.fi\/index.php\/wp-json\/wp\/v2\/pages\/284\/revisions"}],"predecessor-version":[{"id":399,"href":"http:\/\/www.taloyhtioapu.fi\/index.php\/wp-json\/wp\/v2\/pages\/284\/revisions\/399"}],"wp:attachment":[{"href":"http:\/\/www.taloyhtioapu.fi\/index.php\/wp-json\/wp\/v2\/media?parent=284"}],"curies":[{"name":"wp","href":"https:\/\/api.w.org\/{rel}","templated":true}]}}